{"id":31,"date":"2020-10-04T01:07:06","date_gmt":"2020-10-03T23:07:06","guid":{"rendered":"http:\/\/zuzanaglindova.com\/?page_id=31"},"modified":"2020-11-22T00:58:19","modified_gmt":"2020-11-21T23:58:19","slug":"kde-ma-najdete","status":"publish","type":"page","link":"https:\/\/zuzanaglindova.com\/?page_id=31","title":{"rendered":"KONTAKT"},"content":{"rendered":"\n<div class=\"wp-block-image\"><figure class=\"alignleft size-large is-resized\"><img loading=\"lazy\" src=\"http:\/\/zuzanaglindova.com\/wp-content\/uploads\/2020\/10\/20200602_155913-600x1024.jpg\" alt=\"\" class=\"wp-image-35\" width=\"258\" height=\"441\" srcset=\"https:\/\/zuzanaglindova.com\/wp-content\/uploads\/2020\/10\/20200602_155913-600x1024.jpg 600w, https:\/\/zuzanaglindova.com\/wp-content\/uploads\/2020\/10\/20200602_155913-176x300.jpg 176w, https:\/\/zuzanaglindova.com\/wp-content\/uploads\/2020\/10\/20200602_155913-768x1310.jpg 768w, https:\/\/zuzanaglindova.com\/wp-content\/uploads\/2020\/10\/20200602_155913-901x1536.jpg 901w, https:\/\/zuzanaglindova.com\/wp-content\/uploads\/2020\/10\/20200602_155913-1201x2048.jpg 1201w, https:\/\/zuzanaglindova.com\/wp-content\/uploads\/2020\/10\/20200602_155913-scaled.jpg 1501w\" sizes=\"(max-width: 258px) 100vw, 258px\" \/><\/figure><\/div>\n\n\n<h1>Kde ma n\u00e1jdete:<\/h1>\n<h1><i>Tel. : +421 915 985 760<br \/>mail: z.glindova@gmail.com<\/i><br \/><i>FB: <span style=\"color: #3366ff;\"><a style=\"color: #3366ff;\" href=\"http:\/\/www.facebook.com\/zgdizajn\/?view_public_for=112821187119576\">http:\/\/www.facebook.com\/zgdizajn\/<\/a><\/span><br \/><\/i><\/h1>\n<p>\u00a0<\/p>\n<h2>Te\u0161\u00edm sa na spolupr\u00e1cu \ud83d\ude42<\/h2>\n<p><iframe title=\"Trnava, Slovensko\" src=\"https:\/\/maps.google.com\/maps?q=Trnava%2C%20Slovensko&amp;t=m&amp;z=10&amp;output=embed&amp;iwloc=near\" frameborder=\"0\" marginwidth=\"0\" marginheight=\"0\" scrolling=\"no\" aria-label=\"Trnava, Slovensko\"><\/iframe><\/p>\n\n\n<div class=\"wp-block-image\"><figure class=\"aligncenter size-large\"><img loading=\"lazy\" width=\"1024\" height=\"608\" src=\"http:\/\/zuzanaglindova.com\/wp-content\/uploads\/2020\/11\/Zaverecny-projekt-kaviaren_novystav_K3-0-0-2020-10-26-10090200000-1024x608.jpg\" alt=\"\" class=\"wp-image-95\" srcset=\"https:\/\/zuzanaglindova.com\/wp-content\/uploads\/2020\/11\/Zaverecny-projekt-kaviaren_novystav_K3-0-0-2020-10-26-10090200000-1024x608.jpg 1024w, https:\/\/zuzanaglindova.com\/wp-content\/uploads\/2020\/11\/Zaverecny-projekt-kaviaren_novystav_K3-0-0-2020-10-26-10090200000-300x178.jpg 300w, https:\/\/zuzanaglindova.com\/wp-content\/uploads\/2020\/11\/Zaverecny-projekt-kaviaren_novystav_K3-0-0-2020-10-26-10090200000-768x456.jpg 768w, https:\/\/zuzanaglindova.com\/wp-content\/uploads\/2020\/11\/Zaverecny-projekt-kaviaren_novystav_K3-0-0-2020-10-26-10090200000.jpg 1486w\" sizes=\"(max-width: 767px) 89vw, (max-width: 1000px) 54vw, (max-width: 1071px) 543px, 580px\" \/><\/figure><\/div>\n","protected":false},"excerpt":{"rendered":"<p>Kde ma n\u00e1jdete: Tel. : +421 915 985 760mail: z.glindova@gmail.comFB: http:\/\/www.facebook.com\/zgdizajn\/ \u00a0 Te\u0161\u00edm sa na spolupr\u00e1cu \ud83d\ude42<\/p>\n","protected":false},"author":1,"featured_media":0,"parent":0,"menu_order":0,"comment_status":"closed","ping_status":"closed","template":"","meta":{"_monsterinsights_skip_tracking":false,"_monsterinsights_sitenote_active":false,"_monsterinsights_sitenote_note":"","_monsterinsights_sitenote_category":0},"yoast_head":"<!-- This site is optimized with the Yoast SEO plugin v19.4 - https:\/\/yoast.com\/wordpress\/plugins\/seo\/ -->\n<title>KONTAKT - zuzanaglindova.com<\/title>\n<meta name=\"robots\" content=\"index, follow, max-snippet:-1, max-image-preview:large, max-video-preview:-1\" \/>\n<link rel=\"canonical\" href=\"https:\/\/zuzanaglindova.com\/?page_id=31\" \/>\n<meta property=\"og:locale\" content=\"sk_SK\" \/>\n<meta property=\"og:type\" content=\"article\" \/>\n<meta property=\"og:title\" content=\"KONTAKT - zuzanaglindova.com\" \/>\n<meta property=\"og:description\" content=\"Kde ma n\u00e1jdete: Tel. : +421 915 985 760mail: z.glindova@gmail.comFB: http:\/\/www.facebook.com\/zgdizajn\/ \u00a0 Te\u0161\u00edm sa na spolupr\u00e1cu \ud83d\ude42\" \/>\n<meta property=\"og:url\" content=\"https:\/\/zuzanaglindova.com\/?page_id=31\" \/>\n<meta property=\"og:site_name\" content=\"zuzanaglindova.com\" \/>\n<meta property=\"article:modified_time\" content=\"2020-11-21T23:58:19+00:00\" \/>\n<meta property=\"og:image\" content=\"http:\/\/zuzanaglindova.com\/wp-content\/uploads\/2020\/10\/20200602_155913-600x1024.jpg\" \/>\n<meta name=\"twitter:card\" content=\"summary_large_image\" \/>\n<script type=\"application\/ld+json\" class=\"yoast-schema-graph\">{\"@context\":\"https:\/\/schema.org\",\"@graph\":[{\"@type\":\"Organization\",\"@id\":\"https:\/\/zuzanaglindova.com\/#organization\",\"name\":\"zuzanaglindova.com\",\"url\":\"https:\/\/zuzanaglindova.com\/\",\"sameAs\":[],\"logo\":{\"@type\":\"ImageObject\",\"inLanguage\":\"sk-SK\",\"@id\":\"https:\/\/zuzanaglindova.com\/#\/schema\/logo\/image\/\",\"url\":\"https:\/\/zuzanaglindova.com\/wp-content\/uploads\/2020\/10\/cropped-LOGO-ZG-1.jpg\",\"contentUrl\":\"https:\/\/zuzanaglindova.com\/wp-content\/uploads\/2020\/10\/cropped-LOGO-ZG-1.jpg\",\"width\":250,\"height\":250,\"caption\":\"zuzanaglindova.com\"},\"image\":{\"@id\":\"https:\/\/zuzanaglindova.com\/#\/schema\/logo\/image\/\"}},{\"@type\":\"WebSite\",\"@id\":\"https:\/\/zuzanaglindova.com\/#website\",\"url\":\"https:\/\/zuzanaglindova.com\/\",\"name\":\"zuzanaglindova.com\",\"description\":\"ZG - Dizajn pre \u017eivot \/ Design for life\",\"publisher\":{\"@id\":\"https:\/\/zuzanaglindova.com\/#organization\"},\"potentialAction\":[{\"@type\":\"SearchAction\",\"target\":{\"@type\":\"EntryPoint\",\"urlTemplate\":\"https:\/\/zuzanaglindova.com\/?s={search_term_string}\"},\"query-input\":\"required name=search_term_string\"}],\"inLanguage\":\"sk-SK\"},{\"@type\":\"WebPage\",\"@id\":\"https:\/\/zuzanaglindova.com\/?page_id=31\",\"url\":\"https:\/\/zuzanaglindova.com\/?page_id=31\",\"name\":\"KONTAKT - zuzanaglindova.com\",\"isPartOf\":{\"@id\":\"https:\/\/zuzanaglindova.com\/#website\"},\"datePublished\":\"2020-10-03T23:07:06+00:00\",\"dateModified\":\"2020-11-21T23:58:19+00:00\",\"breadcrumb\":{\"@id\":\"https:\/\/zuzanaglindova.com\/?page_id=31#breadcrumb\"},\"inLanguage\":\"sk-SK\",\"potentialAction\":[{\"@type\":\"ReadAction\",\"target\":[\"https:\/\/zuzanaglindova.com\/?page_id=31\"]}]},{\"@type\":\"BreadcrumbList\",\"@id\":\"https:\/\/zuzanaglindova.com\/?page_id=31#breadcrumb\",\"itemListElement\":[{\"@type\":\"ListItem\",\"position\":1,\"name\":\"Home\",\"item\":\"https:\/\/zuzanaglindova.com\/\"},{\"@type\":\"ListItem\",\"position\":2,\"name\":\"KONTAKT\"}]}]}<\/script>\n<!-- \/ Yoast SEO plugin. -->","yoast_head_json":{"title":"KONTAKT - zuzanaglindova.com","robots":{"index":"index","follow":"follow","max-snippet":"max-snippet:-1","max-image-preview":"max-image-preview:large","max-video-preview":"max-video-preview:-1"},"canonical":"https:\/\/zuzanaglindova.com\/?page_id=31","og_locale":"sk_SK","og_type":"article","og_title":"KONTAKT - zuzanaglindova.com","og_description":"Kde ma n\u00e1jdete: Tel. : +421 915 985 760mail: z.glindova@gmail.comFB: http:\/\/www.facebook.com\/zgdizajn\/ \u00a0 Te\u0161\u00edm sa na spolupr\u00e1cu \ud83d\ude42","og_url":"https:\/\/zuzanaglindova.com\/?page_id=31","og_site_name":"zuzanaglindova.com","article_modified_time":"2020-11-21T23:58:19+00:00","og_image":[{"url":"http:\/\/zuzanaglindova.com\/wp-content\/uploads\/2020\/10\/20200602_155913-600x1024.jpg"}],"twitter_card":"summary_large_image","schema":{"@context":"https:\/\/schema.org","@graph":[{"@type":"Organization","@id":"https:\/\/zuzanaglindova.com\/#organization","name":"zuzanaglindova.com","url":"https:\/\/zuzanaglindova.com\/","sameAs":[],"logo":{"@type":"ImageObject","inLanguage":"sk-SK","@id":"https:\/\/zuzanaglindova.com\/#\/schema\/logo\/image\/","url":"https:\/\/zuzanaglindova.com\/wp-content\/uploads\/2020\/10\/cropped-LOGO-ZG-1.jpg","contentUrl":"https:\/\/zuzanaglindova.com\/wp-content\/uploads\/2020\/10\/cropped-LOGO-ZG-1.jpg","width":250,"height":250,"caption":"zuzanaglindova.com"},"image":{"@id":"https:\/\/zuzanaglindova.com\/#\/schema\/logo\/image\/"}},{"@type":"WebSite","@id":"https:\/\/zuzanaglindova.com\/#website","url":"https:\/\/zuzanaglindova.com\/","name":"zuzanaglindova.com","description":"ZG - Dizajn pre \u017eivot \/ Design for life","publisher":{"@id":"https:\/\/zuzanaglindova.com\/#organization"},"potentialAction":[{"@type":"SearchAction","target":{"@type":"EntryPoint","urlTemplate":"https:\/\/zuzanaglindova.com\/?s={search_term_string}"},"query-input":"required name=search_term_string"}],"inLanguage":"sk-SK"},{"@type":"WebPage","@id":"https:\/\/zuzanaglindova.com\/?page_id=31","url":"https:\/\/zuzanaglindova.com\/?page_id=31","name":"KONTAKT - zuzanaglindova.com","isPartOf":{"@id":"https:\/\/zuzanaglindova.com\/#website"},"datePublished":"2020-10-03T23:07:06+00:00","dateModified":"2020-11-21T23:58:19+00:00","breadcrumb":{"@id":"https:\/\/zuzanaglindova.com\/?page_id=31#breadcrumb"},"inLanguage":"sk-SK","potentialAction":[{"@type":"ReadAction","target":["https:\/\/zuzanaglindova.com\/?page_id=31"]}]},{"@type":"BreadcrumbList","@id":"https:\/\/zuzanaglindova.com\/?page_id=31#breadcrumb","itemListElement":[{"@type":"ListItem","position":1,"name":"Home","item":"https:\/\/zuzanaglindova.com\/"},{"@type":"ListItem","position":2,"name":"KONTAKT"}]}]}},"_links":{"self":[{"href":"https:\/\/zuzanaglindova.com\/index.php?rest_route=\/wp\/v2\/pages\/31"}],"collection":[{"href":"https:\/\/zuzanaglindova.com\/index.php?rest_route=\/wp\/v2\/pages"}],"about":[{"href":"https:\/\/zuzanaglindova.com\/index.php?rest_route=\/wp\/v2\/types\/page"}],"author":[{"embeddable":true,"href":"https:\/\/zuzanaglindova.com\/index.php?rest_route=\/wp\/v2\/users\/1"}],"replies":[{"embeddable":true,"href":"https:\/\/zuzanaglindova.com\/index.php?rest_route=%2Fwp%2Fv2%2Fcomments&post=31"}],"version-history":[{"count":7,"href":"https:\/\/zuzanaglindova.com\/index.php?rest_route=\/wp\/v2\/pages\/31\/revisions"}],"predecessor-version":[{"id":380,"href":"https:\/\/zuzanaglindova.com\/index.php?rest_route=\/wp\/v2\/pages\/31\/revisions\/380"}],"wp:attachment":[{"href":"https:\/\/zuzanaglindova.com\/index.php?rest_route=%2Fwp%2Fv2%2Fmedia&parent=31"}],"curies":[{"name":"wp","href":"https:\/\/api.w.org\/{rel}","templated":true}]}}