{"id":24,"date":"2020-10-03T22:34:59","date_gmt":"2020-10-03T20:34:59","guid":{"rendered":"http:\/\/zuzanaglindova.com\/?page_id=24"},"modified":"2021-04-16T13:24:04","modified_gmt":"2021-04-16T11:24:04","slug":"moj-pribeh","status":"publish","type":"page","link":"https:\/\/zuzanaglindova.com\/?page_id=24","title":{"rendered":"O MNE"},"content":{"rendered":"\n<figure class=\"wp-block-image size-large\"><img loading=\"lazy\" width=\"1024\" height=\"576\" src=\"http:\/\/zuzanaglindova.com\/wp-content\/uploads\/2020\/10\/20200602_165156-1024x576.jpg\" alt=\"\" class=\"wp-image-9\" srcset=\"https:\/\/zuzanaglindova.com\/wp-content\/uploads\/2020\/10\/20200602_165156-1024x576.jpg 1024w, https:\/\/zuzanaglindova.com\/wp-content\/uploads\/2020\/10\/20200602_165156-300x169.jpg 300w, https:\/\/zuzanaglindova.com\/wp-content\/uploads\/2020\/10\/20200602_165156-768x432.jpg 768w, https:\/\/zuzanaglindova.com\/wp-content\/uploads\/2020\/10\/20200602_165156-1536x864.jpg 1536w, https:\/\/zuzanaglindova.com\/wp-content\/uploads\/2020\/10\/20200602_165156-2048x1152.jpg 2048w\" sizes=\"(max-width: 767px) 89vw, (max-width: 1000px) 54vw, (max-width: 1071px) 543px, 580px\" \/><figcaption>Zuzana Glindov\u00e1 &#8211; interi\u00e9rov\u00e1 dizajn\u00e9rka<\/figcaption><\/figure>\n\n\n<p><\/p>\n<p><strong>Navrhnem V\u00e1\u0161 vysn\u00edvan\u00fd domov, alebo V\u00e1m ho pom\u00f4\u017eem vytvori\u0165.<\/strong><\/p>\n<p><em><strong>Mojou prioritou ste pr\u00e1ve Vy a Va\u0161a spokojnos\u0165.<\/strong><\/em><\/p>\n<p><strong>spokojn\u00fd klient = spokojn\u00fd dizajn\u00e9r<\/strong><\/p>\n<p><a role=\"button\" href=\"#\">&nbsp;<\/a><\/p>\n\n\n<p><a href=\"http:\/\/www.facebook.com\/zgdizajn\/?view_public_for=112821187119576\" target=\"_blank\" rel=\"noreferrer noopener\">http:\/\/www.facebook.com\/zgdizajn\/<\/a><\/p>\n\n\n\n<p>Venujem sa interi\u00e9rov\u00e9mu dizajnu &#8211; navrhujem interi\u00e9ry v\u0161etk\u00e9ho druhu. Byty, domy, kancel\u00e1rske priestory, predajne, at\u010f. Rob\u00edm konzult\u00e1cie, pom\u00e1ham klientom n\u00e1js\u0165 spr\u00e1vne rie\u0161enia, zorientova\u0165 sa na trhu, a pom\u00e1ham im zrealizova\u0165 ich sen o b\u00fdvan\u00ed. Je to nie\u010do, \u010do sa t\u00fdka \u00faplne ka\u017ed\u00e9ho, preto\u017ee ka\u017ed\u00fd mus\u00ed b\u00fdva\u0165 a ka\u017ed\u00fd to chce ma\u0165 doma pekn\u00e9, pr\u00edjemn\u00e9. Tak\u017ee svojim klientom doprajem ich \u010das na relax, a n\u00e1vrhy a realiz\u00e1cie m\u00f4\u017eu necha\u0165 s k\u013eudom na m\u0148a. \ud83d\ude42<\/p>\n\n\n\n<p><\/p>\n","protected":false},"excerpt":{"rendered":"<p>Navrhnem V\u00e1\u0161 vysn\u00edvan\u00fd domov, alebo V\u00e1m ho pom\u00f4\u017eem vytvori\u0165. Mojou prioritou ste pr\u00e1ve Vy a Va\u0161a spokojnos\u0165. spokojn\u00fd klient = spokojn\u00fd dizajn\u00e9r &nbsp; http:\/\/www.facebook.com\/zgdizajn\/ Venujem sa interi\u00e9rov\u00e9mu dizajnu &#8211; navrhujem interi\u00e9ry v\u0161etk\u00e9ho druhu. Byty, domy, kancel\u00e1rske priestory, predajne, at\u010f. Rob\u00edm konzult\u00e1cie, pom\u00e1ham klientom n\u00e1js\u0165 spr\u00e1vne rie\u0161enia, zorientova\u0165 sa na trhu, a pom\u00e1ham im zrealizova\u0165 ich &hellip; <\/p>\n<p class=\"link-more\"><a href=\"https:\/\/zuzanaglindova.com\/?page_id=24\" class=\"more-link\">Pokra\u010dova\u0165 v \u010d\u00edtan\u00ed<span class=\"screen-reader-text\"> &#8222;O MNE&#8220;<\/span><\/a><\/p>\n","protected":false},"author":1,"featured_media":0,"parent":2,"menu_order":1,"comment_status":"closed","ping_status":"closed","template":"","meta":{"_monsterinsights_skip_tracking":false,"_monsterinsights_sitenote_active":false,"_monsterinsights_sitenote_note":"","_monsterinsights_sitenote_category":0},"yoast_head":"<!-- This site is optimized with the Yoast SEO plugin v19.4 - https:\/\/yoast.com\/wordpress\/plugins\/seo\/ -->\n<title>O MNE - zuzanaglindova.com<\/title>\n<meta name=\"robots\" content=\"index, follow, max-snippet:-1, max-image-preview:large, max-video-preview:-1\" \/>\n<link rel=\"canonical\" href=\"https:\/\/zuzanaglindova.com\/?page_id=24\" \/>\n<meta property=\"og:locale\" content=\"sk_SK\" \/>\n<meta property=\"og:type\" content=\"article\" \/>\n<meta property=\"og:title\" content=\"zuzanaglindova.com\" \/>\n<meta property=\"og:description\" content=\"Navrhnem V\u00e1\u0161 vysn\u00edvan\u00fd domov, alebo V\u00e1m ho pom\u00f4\u017eem vytvori\u0165. Mojou prioritou ste pr\u00e1ve Vy a Va\u0161a spokojnos\u0165. spokojn\u00fd klient = spokojn\u00fd dizajn\u00e9r &nbsp; http:\/\/www.facebook.com\/zgdizajn\/ Venujem sa interi\u00e9rov\u00e9mu dizajnu &#8211; navrhujem interi\u00e9ry v\u0161etk\u00e9ho druhu. Byty, domy, kancel\u00e1rske priestory, predajne, at\u010f. Rob\u00edm konzult\u00e1cie, pom\u00e1ham klientom n\u00e1js\u0165 spr\u00e1vne rie\u0161enia, zorientova\u0165 sa na trhu, a pom\u00e1ham im zrealizova\u0165 ich &hellip; Pokra\u010dova\u0165 v \u010d\u00edtan\u00ed &quot;O MNE&quot;\" \/>\n<meta property=\"og:url\" content=\"https:\/\/zuzanaglindova.com\/?page_id=24\" \/>\n<meta property=\"og:site_name\" content=\"zuzanaglindova.com\" \/>\n<meta property=\"article:modified_time\" content=\"2021-04-16T11:24:04+00:00\" \/>\n<meta property=\"og:image\" content=\"https:\/\/zuzanaglindova.com\/wp-content\/uploads\/2020\/11\/Vidova-2.jpg\" \/>\n\t<meta property=\"og:image:width\" content=\"1537\" \/>\n\t<meta property=\"og:image:height\" content=\"936\" \/>\n\t<meta property=\"og:image:type\" content=\"image\/jpeg\" \/>\n<meta name=\"twitter:card\" content=\"summary_large_image\" \/>\n<meta name=\"twitter:label1\" content=\"Predpokladan\u00fd \u010das \u010d\u00edtania\" \/>\n\t<meta name=\"twitter:data1\" content=\"1 min\u00fata\" \/>\n<script type=\"application\/ld+json\" class=\"yoast-schema-graph\">{\"@context\":\"https:\/\/schema.org\",\"@graph\":[{\"@type\":\"Organization\",\"@id\":\"https:\/\/zuzanaglindova.com\/#organization\",\"name\":\"zuzanaglindova.com\",\"url\":\"https:\/\/zuzanaglindova.com\/\",\"sameAs\":[],\"logo\":{\"@type\":\"ImageObject\",\"inLanguage\":\"sk-SK\",\"@id\":\"https:\/\/zuzanaglindova.com\/#\/schema\/logo\/image\/\",\"url\":\"https:\/\/zuzanaglindova.com\/wp-content\/uploads\/2020\/10\/cropped-LOGO-ZG-1.jpg\",\"contentUrl\":\"https:\/\/zuzanaglindova.com\/wp-content\/uploads\/2020\/10\/cropped-LOGO-ZG-1.jpg\",\"width\":250,\"height\":250,\"caption\":\"zuzanaglindova.com\"},\"image\":{\"@id\":\"https:\/\/zuzanaglindova.com\/#\/schema\/logo\/image\/\"}},{\"@type\":\"WebSite\",\"@id\":\"https:\/\/zuzanaglindova.com\/#website\",\"url\":\"https:\/\/zuzanaglindova.com\/\",\"name\":\"zuzanaglindova.com\",\"description\":\"ZG - Dizajn pre \u017eivot \/ Design for life\",\"publisher\":{\"@id\":\"https:\/\/zuzanaglindova.com\/#organization\"},\"potentialAction\":[{\"@type\":\"SearchAction\",\"target\":{\"@type\":\"EntryPoint\",\"urlTemplate\":\"https:\/\/zuzanaglindova.com\/?s={search_term_string}\"},\"query-input\":\"required name=search_term_string\"}],\"inLanguage\":\"sk-SK\"},{\"@type\":[\"WebPage\",\"AboutPage\"],\"@id\":\"https:\/\/zuzanaglindova.com\/?page_id=24\",\"url\":\"https:\/\/zuzanaglindova.com\/?page_id=24\",\"name\":\"O MNE - zuzanaglindova.com\",\"isPartOf\":{\"@id\":\"https:\/\/zuzanaglindova.com\/#website\"},\"datePublished\":\"2020-10-03T20:34:59+00:00\",\"dateModified\":\"2021-04-16T11:24:04+00:00\",\"breadcrumb\":{\"@id\":\"https:\/\/zuzanaglindova.com\/?page_id=24#breadcrumb\"},\"inLanguage\":\"sk-SK\",\"potentialAction\":[{\"@type\":\"ReadAction\",\"target\":[\"https:\/\/zuzanaglindova.com\/?page_id=24\"]}]},{\"@type\":\"BreadcrumbList\",\"@id\":\"https:\/\/zuzanaglindova.com\/?page_id=24#breadcrumb\",\"itemListElement\":[{\"@type\":\"ListItem\",\"position\":1,\"name\":\"Home\",\"item\":\"https:\/\/zuzanaglindova.com\/\"},{\"@type\":\"ListItem\",\"position\":2,\"name\":\"Zuzana Glindov\u00e1 &#8211; INTERI\u00c9ROV\u00c1 DIZAJN\u00c9RKA\",\"item\":\"https:\/\/zuzanaglindova.com\/\"},{\"@type\":\"ListItem\",\"position\":3,\"name\":\"O MNE\"}]}]}<\/script>\n<!-- \/ Yoast SEO plugin. -->","yoast_head_json":{"title":"O MNE - zuzanaglindova.com","robots":{"index":"index","follow":"follow","max-snippet":"max-snippet:-1","max-image-preview":"max-image-preview:large","max-video-preview":"max-video-preview:-1"},"canonical":"https:\/\/zuzanaglindova.com\/?page_id=24","og_locale":"sk_SK","og_type":"article","og_title":"zuzanaglindova.com","og_description":"Navrhnem V\u00e1\u0161 vysn\u00edvan\u00fd domov, alebo V\u00e1m ho pom\u00f4\u017eem vytvori\u0165. Mojou prioritou ste pr\u00e1ve Vy a Va\u0161a spokojnos\u0165. spokojn\u00fd klient = spokojn\u00fd dizajn\u00e9r &nbsp; http:\/\/www.facebook.com\/zgdizajn\/ Venujem sa interi\u00e9rov\u00e9mu dizajnu &#8211; navrhujem interi\u00e9ry v\u0161etk\u00e9ho druhu. Byty, domy, kancel\u00e1rske priestory, predajne, at\u010f. Rob\u00edm konzult\u00e1cie, pom\u00e1ham klientom n\u00e1js\u0165 spr\u00e1vne rie\u0161enia, zorientova\u0165 sa na trhu, a pom\u00e1ham im zrealizova\u0165 ich &hellip; Pokra\u010dova\u0165 v \u010d\u00edtan\u00ed \"O MNE\"","og_url":"https:\/\/zuzanaglindova.com\/?page_id=24","og_site_name":"zuzanaglindova.com","article_modified_time":"2021-04-16T11:24:04+00:00","og_image":[{"width":1537,"height":936,"url":"https:\/\/zuzanaglindova.com\/wp-content\/uploads\/2020\/11\/Vidova-2.jpg","type":"image\/jpeg"}],"twitter_card":"summary_large_image","twitter_misc":{"Predpokladan\u00fd \u010das \u010d\u00edtania":"1 min\u00fata"},"schema":{"@context":"https:\/\/schema.org","@graph":[{"@type":"Organization","@id":"https:\/\/zuzanaglindova.com\/#organization","name":"zuzanaglindova.com","url":"https:\/\/zuzanaglindova.com\/","sameAs":[],"logo":{"@type":"ImageObject","inLanguage":"sk-SK","@id":"https:\/\/zuzanaglindova.com\/#\/schema\/logo\/image\/","url":"https:\/\/zuzanaglindova.com\/wp-content\/uploads\/2020\/10\/cropped-LOGO-ZG-1.jpg","contentUrl":"https:\/\/zuzanaglindova.com\/wp-content\/uploads\/2020\/10\/cropped-LOGO-ZG-1.jpg","width":250,"height":250,"caption":"zuzanaglindova.com"},"image":{"@id":"https:\/\/zuzanaglindova.com\/#\/schema\/logo\/image\/"}},{"@type":"WebSite","@id":"https:\/\/zuzanaglindova.com\/#website","url":"https:\/\/zuzanaglindova.com\/","name":"zuzanaglindova.com","description":"ZG - Dizajn pre \u017eivot \/ Design for life","publisher":{"@id":"https:\/\/zuzanaglindova.com\/#organization"},"potentialAction":[{"@type":"SearchAction","target":{"@type":"EntryPoint","urlTemplate":"https:\/\/zuzanaglindova.com\/?s={search_term_string}"},"query-input":"required name=search_term_string"}],"inLanguage":"sk-SK"},{"@type":["WebPage","AboutPage"],"@id":"https:\/\/zuzanaglindova.com\/?page_id=24","url":"https:\/\/zuzanaglindova.com\/?page_id=24","name":"O MNE - zuzanaglindova.com","isPartOf":{"@id":"https:\/\/zuzanaglindova.com\/#website"},"datePublished":"2020-10-03T20:34:59+00:00","dateModified":"2021-04-16T11:24:04+00:00","breadcrumb":{"@id":"https:\/\/zuzanaglindova.com\/?page_id=24#breadcrumb"},"inLanguage":"sk-SK","potentialAction":[{"@type":"ReadAction","target":["https:\/\/zuzanaglindova.com\/?page_id=24"]}]},{"@type":"BreadcrumbList","@id":"https:\/\/zuzanaglindova.com\/?page_id=24#breadcrumb","itemListElement":[{"@type":"ListItem","position":1,"name":"Home","item":"https:\/\/zuzanaglindova.com\/"},{"@type":"ListItem","position":2,"name":"Zuzana Glindov\u00e1 &#8211; INTERI\u00c9ROV\u00c1 DIZAJN\u00c9RKA","item":"https:\/\/zuzanaglindova.com\/"},{"@type":"ListItem","position":3,"name":"O MNE"}]}]}},"_links":{"self":[{"href":"https:\/\/zuzanaglindova.com\/index.php?rest_route=\/wp\/v2\/pages\/24"}],"collection":[{"href":"https:\/\/zuzanaglindova.com\/index.php?rest_route=\/wp\/v2\/pages"}],"about":[{"href":"https:\/\/zuzanaglindova.com\/index.php?rest_route=\/wp\/v2\/types\/page"}],"author":[{"embeddable":true,"href":"https:\/\/zuzanaglindova.com\/index.php?rest_route=\/wp\/v2\/users\/1"}],"replies":[{"embeddable":true,"href":"https:\/\/zuzanaglindova.com\/index.php?rest_route=%2Fwp%2Fv2%2Fcomments&post=24"}],"version-history":[{"count":6,"href":"https:\/\/zuzanaglindova.com\/index.php?rest_route=\/wp\/v2\/pages\/24\/revisions"}],"predecessor-version":[{"id":350,"href":"https:\/\/zuzanaglindova.com\/index.php?rest_route=\/wp\/v2\/pages\/24\/revisions\/350"}],"up":[{"embeddable":true,"href":"https:\/\/zuzanaglindova.com\/index.php?rest_route=\/wp\/v2\/pages\/2"}],"wp:attachment":[{"href":"https:\/\/zuzanaglindova.com\/index.php?rest_route=%2Fwp%2Fv2%2Fmedia&parent=24"}],"curies":[{"name":"wp","href":"https:\/\/api.w.org\/{rel}","templated":true}]}}