{"id":2,"date":"2020-09-04T11:46:10","date_gmt":"2020-09-04T09:46:10","guid":{"rendered":"http:\/\/zuzanaglindova.com\/?page_id=2"},"modified":"2020-11-22T00:49:19","modified_gmt":"2020-11-21T23:49:19","slug":"ukazka-strany","status":"publish","type":"page","link":"https:\/\/zuzanaglindova.com\/","title":{"rendered":"Zuzana Glindov\u00e1 &#8211; INTERI\u00c9ROV\u00c1 DIZAJN\u00c9RKA"},"content":{"rendered":"\n<p>Navrhujem interi\u00e9ry v\u0161etk\u00fdch druhov. <\/p>\n\n\n\n<blockquote class=\"wp-block-quote\"><p>Chyst\u00e1te prer\u00e1bku bytu, alebo domu, alebo in\u00fdch priestorov? Ste pod stresom, nem\u00e1te na to \u010das? Boj\u00edte sa, \u017ee urob\u00edte z\u00e1sadn\u00fa chybu a potom sa na to budete musie\u0165 pozera\u0165 \u010fal\u0161\u00edch 20 rokov?<\/p><\/blockquote>\n\n\n\n<p>Pon\u00fakam V\u00e1m rie\u0161enie:<\/p>\n\n\n\n<blockquote class=\"wp-block-quote\"><p>Navrhujem interi\u00e9ry vhodn\u00e9 na \u017eivot. U\u0161etr\u00edm V\u00e1m V\u00e1\u0161 \u010das, \u00fasilie a doprajem V\u00e1m pohodlie. Rie\u0161enia, ktor\u00e9 V\u00e1m navrhnem s\u00fa praktick\u00e9, funk\u010dn\u00e9 a v\u00fdsledkom s\u00fa nad\u010dasov\u00e9 interi\u00e9ry.<\/p><\/blockquote>\n\n\n\n<figure class=\"wp-block-image size-large is-resized\"><img loading=\"lazy\" src=\"http:\/\/zuzanaglindova.com\/wp-content\/uploads\/2020\/10\/20200914_123710-766x1024.jpg\" alt=\"\" class=\"wp-image-25\" width=\"362\" height=\"484\" srcset=\"https:\/\/zuzanaglindova.com\/wp-content\/uploads\/2020\/10\/20200914_123710-766x1024.jpg 766w, https:\/\/zuzanaglindova.com\/wp-content\/uploads\/2020\/10\/20200914_123710-224x300.jpg 224w, https:\/\/zuzanaglindova.com\/wp-content\/uploads\/2020\/10\/20200914_123710-768x1027.jpg 768w, https:\/\/zuzanaglindova.com\/wp-content\/uploads\/2020\/10\/20200914_123710-1148x1536.jpg 1148w, https:\/\/zuzanaglindova.com\/wp-content\/uploads\/2020\/10\/20200914_123710-1531x2048.jpg 1531w, https:\/\/zuzanaglindova.com\/wp-content\/uploads\/2020\/10\/20200914_123710-scaled.jpg 1914w\" sizes=\"(max-width: 362px) 100vw, 362px\" \/><\/figure>\n\n\n\n&#8222;Pre\u010do sa obr\u00e1ti\u0165 na interi\u00e9rov\u00e9ho dizajn\u00e9ra?&#8220;\n\n\n\n<p><\/p>\n","protected":false},"excerpt":{"rendered":"<p>Navrhujem interi\u00e9ry v\u0161etk\u00fdch druhov. Chyst\u00e1te prer\u00e1bku bytu, alebo domu, alebo in\u00fdch priestorov? Ste pod stresom, nem\u00e1te na to \u010das? Boj\u00edte sa, \u017ee urob\u00edte z\u00e1sadn\u00fa chybu a potom sa na to budete musie\u0165 pozera\u0165 \u010fal\u0161\u00edch 20 rokov? Pon\u00fakam V\u00e1m rie\u0161enie: Navrhujem interi\u00e9ry vhodn\u00e9 na \u017eivot. U\u0161etr\u00edm V\u00e1m V\u00e1\u0161 \u010das, \u00fasilie a doprajem V\u00e1m pohodlie. Rie\u0161enia, ktor\u00e9 &hellip; <\/p>\n<p class=\"link-more\"><a href=\"https:\/\/zuzanaglindova.com\/\" class=\"more-link\">Pokra\u010dova\u0165 v \u010d\u00edtan\u00ed<span class=\"screen-reader-text\"> &#8222;Zuzana Glindov\u00e1 &#8211; INTERI\u00c9ROV\u00c1 DIZAJN\u00c9RKA&#8220;<\/span><\/a><\/p>\n","protected":false},"author":1,"featured_media":0,"parent":0,"menu_order":0,"comment_status":"closed","ping_status":"closed","template":"","meta":{"_monsterinsights_skip_tracking":false,"_monsterinsights_sitenote_active":false,"_monsterinsights_sitenote_note":"","_monsterinsights_sitenote_category":0},"yoast_head":"<!-- This site is optimized with the Yoast SEO plugin v19.4 - https:\/\/yoast.com\/wordpress\/plugins\/seo\/ -->\n<title>Zuzana Glindov\u00e1 - INTERI\u00c9ROV\u00c1 DIZAJN\u00c9RKA - zuzanaglindova.com<\/title>\n<meta name=\"robots\" content=\"index, follow, max-snippet:-1, max-image-preview:large, max-video-preview:-1\" \/>\n<link rel=\"canonical\" href=\"https:\/\/zuzanaglindova.com\/\" \/>\n<meta property=\"og:locale\" content=\"sk_SK\" \/>\n<meta property=\"og:type\" content=\"article\" \/>\n<meta property=\"og:title\" content=\"Zuzana Glindov\u00e1 - INTERI\u00c9ROV\u00c1 DIZAJN\u00c9RKA - zuzanaglindova.com\" \/>\n<meta property=\"og:description\" content=\"Navrhujem interi\u00e9ry v\u0161etk\u00fdch druhov. Chyst\u00e1te prer\u00e1bku bytu, alebo domu, alebo in\u00fdch priestorov? Ste pod stresom, nem\u00e1te na to \u010das? Boj\u00edte sa, \u017ee urob\u00edte z\u00e1sadn\u00fa chybu a potom sa na to budete musie\u0165 pozera\u0165 \u010fal\u0161\u00edch 20 rokov? Pon\u00fakam V\u00e1m rie\u0161enie: Navrhujem interi\u00e9ry vhodn\u00e9 na \u017eivot. U\u0161etr\u00edm V\u00e1m V\u00e1\u0161 \u010das, \u00fasilie a doprajem V\u00e1m pohodlie. Rie\u0161enia, ktor\u00e9 &hellip; Pokra\u010dova\u0165 v \u010d\u00edtan\u00ed &quot;Zuzana Glindov\u00e1 &#8211; INTERI\u00c9ROV\u00c1 DIZAJN\u00c9RKA&quot;\" \/>\n<meta property=\"og:url\" content=\"https:\/\/zuzanaglindova.com\/\" \/>\n<meta property=\"og:site_name\" content=\"zuzanaglindova.com\" \/>\n<meta property=\"article:modified_time\" content=\"2020-11-21T23:49:19+00:00\" \/>\n<meta property=\"og:image\" content=\"https:\/\/zuzanaglindova.com\/wp-content\/uploads\/2020\/10\/20200602_16001612.jpg\" \/>\n\t<meta property=\"og:image:width\" content=\"2312\" \/>\n\t<meta property=\"og:image:height\" content=\"1734\" \/>\n\t<meta property=\"og:image:type\" content=\"image\/jpeg\" \/>\n<meta name=\"twitter:card\" content=\"summary_large_image\" \/>\n<meta name=\"twitter:label1\" content=\"Predpokladan\u00fd \u010das \u010d\u00edtania\" \/>\n\t<meta name=\"twitter:data1\" content=\"1 min\u00fata\" \/>\n<script type=\"application\/ld+json\" class=\"yoast-schema-graph\">{\"@context\":\"https:\/\/schema.org\",\"@graph\":[{\"@type\":\"Organization\",\"@id\":\"https:\/\/zuzanaglindova.com\/#organization\",\"name\":\"zuzanaglindova.com\",\"url\":\"https:\/\/zuzanaglindova.com\/\",\"sameAs\":[],\"logo\":{\"@type\":\"ImageObject\",\"inLanguage\":\"sk-SK\",\"@id\":\"https:\/\/zuzanaglindova.com\/#\/schema\/logo\/image\/\",\"url\":\"https:\/\/zuzanaglindova.com\/wp-content\/uploads\/2020\/10\/cropped-LOGO-ZG-1.jpg\",\"contentUrl\":\"https:\/\/zuzanaglindova.com\/wp-content\/uploads\/2020\/10\/cropped-LOGO-ZG-1.jpg\",\"width\":250,\"height\":250,\"caption\":\"zuzanaglindova.com\"},\"image\":{\"@id\":\"https:\/\/zuzanaglindova.com\/#\/schema\/logo\/image\/\"}},{\"@type\":\"WebSite\",\"@id\":\"https:\/\/zuzanaglindova.com\/#website\",\"url\":\"https:\/\/zuzanaglindova.com\/\",\"name\":\"zuzanaglindova.com\",\"description\":\"ZG - Dizajn pre \u017eivot \/ Design for life\",\"publisher\":{\"@id\":\"https:\/\/zuzanaglindova.com\/#organization\"},\"potentialAction\":[{\"@type\":\"SearchAction\",\"target\":{\"@type\":\"EntryPoint\",\"urlTemplate\":\"https:\/\/zuzanaglindova.com\/?s={search_term_string}\"},\"query-input\":\"required name=search_term_string\"}],\"inLanguage\":\"sk-SK\"},{\"@type\":\"WebPage\",\"@id\":\"https:\/\/zuzanaglindova.com\/\",\"url\":\"https:\/\/zuzanaglindova.com\/\",\"name\":\"Zuzana Glindov\u00e1 - INTERI\u00c9ROV\u00c1 DIZAJN\u00c9RKA - zuzanaglindova.com\",\"isPartOf\":{\"@id\":\"https:\/\/zuzanaglindova.com\/#website\"},\"datePublished\":\"2020-09-04T09:46:10+00:00\",\"dateModified\":\"2020-11-21T23:49:19+00:00\",\"breadcrumb\":{\"@id\":\"https:\/\/zuzanaglindova.com\/#breadcrumb\"},\"inLanguage\":\"sk-SK\",\"potentialAction\":[{\"@type\":\"ReadAction\",\"target\":[\"https:\/\/zuzanaglindova.com\/\"]}]},{\"@type\":\"BreadcrumbList\",\"@id\":\"https:\/\/zuzanaglindova.com\/#breadcrumb\",\"itemListElement\":[{\"@type\":\"ListItem\",\"position\":1,\"name\":\"Home\",\"item\":\"https:\/\/zuzanaglindova.com\/\"},{\"@type\":\"ListItem\",\"position\":2,\"name\":\"Zuzana Glindov\u00e1 &#8211; INTERI\u00c9ROV\u00c1 DIZAJN\u00c9RKA\"}]}]}<\/script>\n<!-- \/ Yoast SEO plugin. -->","yoast_head_json":{"title":"Zuzana Glindov\u00e1 - INTERI\u00c9ROV\u00c1 DIZAJN\u00c9RKA - zuzanaglindova.com","robots":{"index":"index","follow":"follow","max-snippet":"max-snippet:-1","max-image-preview":"max-image-preview:large","max-video-preview":"max-video-preview:-1"},"canonical":"https:\/\/zuzanaglindova.com\/","og_locale":"sk_SK","og_type":"article","og_title":"Zuzana Glindov\u00e1 - INTERI\u00c9ROV\u00c1 DIZAJN\u00c9RKA - zuzanaglindova.com","og_description":"Navrhujem interi\u00e9ry v\u0161etk\u00fdch druhov. Chyst\u00e1te prer\u00e1bku bytu, alebo domu, alebo in\u00fdch priestorov? Ste pod stresom, nem\u00e1te na to \u010das? Boj\u00edte sa, \u017ee urob\u00edte z\u00e1sadn\u00fa chybu a potom sa na to budete musie\u0165 pozera\u0165 \u010fal\u0161\u00edch 20 rokov? Pon\u00fakam V\u00e1m rie\u0161enie: Navrhujem interi\u00e9ry vhodn\u00e9 na \u017eivot. U\u0161etr\u00edm V\u00e1m V\u00e1\u0161 \u010das, \u00fasilie a doprajem V\u00e1m pohodlie. Rie\u0161enia, ktor\u00e9 &hellip; Pokra\u010dova\u0165 v \u010d\u00edtan\u00ed \"Zuzana Glindov\u00e1 &#8211; INTERI\u00c9ROV\u00c1 DIZAJN\u00c9RKA\"","og_url":"https:\/\/zuzanaglindova.com\/","og_site_name":"zuzanaglindova.com","article_modified_time":"2020-11-21T23:49:19+00:00","og_image":[{"width":2312,"height":1734,"url":"https:\/\/zuzanaglindova.com\/wp-content\/uploads\/2020\/10\/20200602_16001612.jpg","type":"image\/jpeg"}],"twitter_card":"summary_large_image","twitter_misc":{"Predpokladan\u00fd \u010das \u010d\u00edtania":"1 min\u00fata"},"schema":{"@context":"https:\/\/schema.org","@graph":[{"@type":"Organization","@id":"https:\/\/zuzanaglindova.com\/#organization","name":"zuzanaglindova.com","url":"https:\/\/zuzanaglindova.com\/","sameAs":[],"logo":{"@type":"ImageObject","inLanguage":"sk-SK","@id":"https:\/\/zuzanaglindova.com\/#\/schema\/logo\/image\/","url":"https:\/\/zuzanaglindova.com\/wp-content\/uploads\/2020\/10\/cropped-LOGO-ZG-1.jpg","contentUrl":"https:\/\/zuzanaglindova.com\/wp-content\/uploads\/2020\/10\/cropped-LOGO-ZG-1.jpg","width":250,"height":250,"caption":"zuzanaglindova.com"},"image":{"@id":"https:\/\/zuzanaglindova.com\/#\/schema\/logo\/image\/"}},{"@type":"WebSite","@id":"https:\/\/zuzanaglindova.com\/#website","url":"https:\/\/zuzanaglindova.com\/","name":"zuzanaglindova.com","description":"ZG - Dizajn pre \u017eivot \/ Design for life","publisher":{"@id":"https:\/\/zuzanaglindova.com\/#organization"},"potentialAction":[{"@type":"SearchAction","target":{"@type":"EntryPoint","urlTemplate":"https:\/\/zuzanaglindova.com\/?s={search_term_string}"},"query-input":"required name=search_term_string"}],"inLanguage":"sk-SK"},{"@type":"WebPage","@id":"https:\/\/zuzanaglindova.com\/","url":"https:\/\/zuzanaglindova.com\/","name":"Zuzana Glindov\u00e1 - INTERI\u00c9ROV\u00c1 DIZAJN\u00c9RKA - zuzanaglindova.com","isPartOf":{"@id":"https:\/\/zuzanaglindova.com\/#website"},"datePublished":"2020-09-04T09:46:10+00:00","dateModified":"2020-11-21T23:49:19+00:00","breadcrumb":{"@id":"https:\/\/zuzanaglindova.com\/#breadcrumb"},"inLanguage":"sk-SK","potentialAction":[{"@type":"ReadAction","target":["https:\/\/zuzanaglindova.com\/"]}]},{"@type":"BreadcrumbList","@id":"https:\/\/zuzanaglindova.com\/#breadcrumb","itemListElement":[{"@type":"ListItem","position":1,"name":"Home","item":"https:\/\/zuzanaglindova.com\/"},{"@type":"ListItem","position":2,"name":"Zuzana Glindov\u00e1 &#8211; INTERI\u00c9ROV\u00c1 DIZAJN\u00c9RKA"}]}]}},"_links":{"self":[{"href":"https:\/\/zuzanaglindova.com\/index.php?rest_route=\/wp\/v2\/pages\/2"}],"collection":[{"href":"https:\/\/zuzanaglindova.com\/index.php?rest_route=\/wp\/v2\/pages"}],"about":[{"href":"https:\/\/zuzanaglindova.com\/index.php?rest_route=\/wp\/v2\/types\/page"}],"author":[{"embeddable":true,"href":"https:\/\/zuzanaglindova.com\/index.php?rest_route=\/wp\/v2\/users\/1"}],"replies":[{"embeddable":true,"href":"https:\/\/zuzanaglindova.com\/index.php?rest_route=%2Fwp%2Fv2%2Fcomments&post=2"}],"version-history":[{"count":6,"href":"https:\/\/zuzanaglindova.com\/index.php?rest_route=\/wp\/v2\/pages\/2\/revisions"}],"predecessor-version":[{"id":307,"href":"https:\/\/zuzanaglindova.com\/index.php?rest_route=\/wp\/v2\/pages\/2\/revisions\/307"}],"wp:attachment":[{"href":"https:\/\/zuzanaglindova.com\/index.php?rest_route=%2Fwp%2Fv2%2Fmedia&parent=2"}],"curies":[{"name":"wp","href":"https:\/\/api.w.org\/{rel}","templated":true}]}}