{"id":131,"date":"2020-11-09T23:42:04","date_gmt":"2020-11-09T22:42:04","guid":{"rendered":"http:\/\/zuzanaglindova.com\/?page_id=131"},"modified":"2020-11-15T23:51:52","modified_gmt":"2020-11-15T22:51:52","slug":"sluzby","status":"publish","type":"page","link":"https:\/\/zuzanaglindova.com\/?page_id=131","title":{"rendered":"SLU\u017dBY"},"content":{"rendered":"\n<div class=\"wp-block-group\"><div class=\"wp-block-group__inner-container\">\n<div class=\"wp-block-group\"><div class=\"wp-block-group__inner-container\">\n<div class=\"schema-how-to wp-block-yoast-how-to-block\"><p class=\"schema-how-to-description\"><\/p> <ol class=\"schema-how-to-steps\"><li class=\"schema-how-to-step\" id=\"how-to-step-1604961448756\"><strong class=\"schema-how-to-step-name\">N\u00e1vrh interi\u00e9ru (byty, domy, kancel\u00e1rske priestory, predajne, nebytov\u00e9 priestory)<\/strong> <p class=\"schema-how-to-step-text\">Vypracovanie n\u00e1vrhu v programe + vypracovanie projektu<\/p> <\/li><li class=\"schema-how-to-step\" id=\"how-to-step-1604961512423\"><strong class=\"schema-how-to-step-name\">Vizualiz\u00e1cie &#8211; grafick\u00e9 n\u00e1vrhy interi\u00e9rov<\/strong> <p class=\"schema-how-to-step-text\">Realistick\u00e9 obr\u00e1zky n\u00e1vrhu<\/p> <\/li><li class=\"schema-how-to-step\" id=\"how-to-step-1604961528709\"><strong class=\"schema-how-to-step-name\">Realiz\u00e1cie<\/strong> <p class=\"schema-how-to-step-text\">Premena n\u00e1vrhu do reality &#8211; zabezpe\u010denie celkovej realiz\u00e1cie projektu vr\u00e1tane n\u00e1vrhu, vizualiz\u00e1cie, sprostredkovania profesijn\u00fdch pr\u00e1c a autorsk\u00e9ho doh\u013eadu.<\/p> <\/li><li class=\"schema-how-to-step\" id=\"how-to-step-1604961607562\"><strong class=\"schema-how-to-step-name\">Zmena dispoz\u00edcie \/ p\u00f4dorysu<\/strong> <p class=\"schema-how-to-step-text\">Niekedy je v r\u00e1mci rekon\u0161trukcie nutn\u00e1 zmena dispoz\u00edcie. Nemus\u00edte preto h\u013eada\u0165 slu\u017eby projektanta, t\u00fato slu\u017ebu V\u00e1m viem poskytn\u00fa\u0165 v rovnakej kvalite ako ktor\u00fdko\u013evek projektant.<\/p> <\/li><li class=\"schema-how-to-step\" id=\"how-to-step-1604961533786\"><strong class=\"schema-how-to-step-name\">Sprostredkovanie profesijn\u00fdch pr\u00e1c<\/strong> <p class=\"schema-how-to-step-text\">mur\u00e1ri, stol\u00e1ri, in\u0161talat\u00e9r, elektrik\u00e1r, podlah\u00e1r, tapet\u00e1r, maliar, &#8230;<\/p> <\/li><li class=\"schema-how-to-step\" id=\"how-to-step-1604961547236\"><strong class=\"schema-how-to-step-name\">Konzult\u00e1cie<\/strong> <p class=\"schema-how-to-step-text\">s\u00fa vhodn\u00e9 v pr\u00edpade, ak nepotrebujete samotn\u00fd n\u00e1vrh interi\u00e9ru vypracovan\u00fd v programe, m\u00e1te dobr\u00fa predstavivos\u0165 a takpovediac potrebujete iba &#8222;nakopn\u00fa\u0165&#8220;, pom\u00f4c\u0165 s rekon\u0161trukciou, farbami, technick\u00fdmi rie\u0161eniami, n\u00e1padmi&#8230; <\/p> <\/li><li class=\"schema-how-to-step\" id=\"how-to-step-1604961563060\"><strong class=\"schema-how-to-step-name\">Autorsk\u00fd doh\u013ead<\/strong> <p class=\"schema-how-to-step-text\">t\u00fato slu\u017ebu si z\u00e1kazn\u00edk objedn\u00e1va v pr\u00edpade, ak trv\u00e1 na tom, aby sa realiz\u00e1cia neodklonila od n\u00e1vrhu. Napr. pri kuchynskej linke je pre z\u00e1kazn\u00edka d\u00f4le\u017eit\u00e9, aby re\u00e1lne vyzerala tak, ako bola kuchynsk\u00e1 linka navrhnut\u00e1.<\/p> <\/li><li class=\"schema-how-to-step\" id=\"how-to-step-1604961570300\"><strong class=\"schema-how-to-step-name\">N\u00e1vrh vstavan\u00e9ho n\u00e1bytku a vypracovanie v\u00fdkresov pre v\u00fdrobcu<\/strong> <p class=\"schema-how-to-step-text\"><\/p> <\/li><li class=\"schema-how-to-step\" id=\"how-to-step-1605473127201\"><strong class=\"schema-how-to-step-name\">Poradenstvo<\/strong> <p class=\"schema-how-to-step-text\">&#8211; pri k\u00fape nehnute\u013enosti<br\/>&#8211; pri rekon\u0161trukcii<br\/>&#8211; ak si neviete da\u0165 rady s ak\u00fdmko\u013evek probl\u00e9mom t\u00fdkaj\u00faceho sa rekon\u0161trukcie, zaria\u010fovania, n\u00e1kupu tovaru.<\/p> <\/li><\/ol><\/div>\n<\/div><\/div>\n<\/div><\/div>\n","protected":false},"excerpt":{"rendered":"","protected":false},"author":1,"featured_media":0,"parent":0,"menu_order":0,"comment_status":"closed","ping_status":"closed","template":"","meta":{"_monsterinsights_skip_tracking":false,"_monsterinsights_sitenote_active":false,"_monsterinsights_sitenote_note":"","_monsterinsights_sitenote_category":0},"yoast_head":"<!-- This site is optimized with the Yoast SEO plugin v19.4 - https:\/\/yoast.com\/wordpress\/plugins\/seo\/ -->\n<title>SLU\u017dBY - zuzanaglindova.com<\/title>\n<meta name=\"robots\" content=\"index, follow, max-snippet:-1, max-image-preview:large, max-video-preview:-1\" \/>\n<link rel=\"canonical\" href=\"https:\/\/zuzanaglindova.com\/?page_id=131\" \/>\n<meta property=\"og:locale\" content=\"sk_SK\" \/>\n<meta property=\"og:type\" content=\"article\" \/>\n<meta property=\"og:title\" content=\"SLU\u017dBY - zuzanaglindova.com\" \/>\n<meta property=\"og:url\" content=\"https:\/\/zuzanaglindova.com\/?page_id=131\" \/>\n<meta property=\"og:site_name\" content=\"zuzanaglindova.com\" \/>\n<meta property=\"article:modified_time\" content=\"2020-11-15T22:51:52+00:00\" \/>\n<meta name=\"twitter:card\" content=\"summary_large_image\" \/>\n<meta name=\"twitter:label1\" content=\"Predpokladan\u00fd \u010das \u010d\u00edtania\" \/>\n\t<meta name=\"twitter:data1\" content=\"1 min\u00fata\" \/>\n<script type=\"application\/ld+json\" class=\"yoast-schema-graph\">{\"@context\":\"https:\/\/schema.org\",\"@graph\":[{\"@type\":\"Organization\",\"@id\":\"https:\/\/zuzanaglindova.com\/#organization\",\"name\":\"zuzanaglindova.com\",\"url\":\"https:\/\/zuzanaglindova.com\/\",\"sameAs\":[],\"logo\":{\"@type\":\"ImageObject\",\"inLanguage\":\"sk-SK\",\"@id\":\"https:\/\/zuzanaglindova.com\/#\/schema\/logo\/image\/\",\"url\":\"https:\/\/zuzanaglindova.com\/wp-content\/uploads\/2020\/10\/cropped-LOGO-ZG-1.jpg\",\"contentUrl\":\"https:\/\/zuzanaglindova.com\/wp-content\/uploads\/2020\/10\/cropped-LOGO-ZG-1.jpg\",\"width\":250,\"height\":250,\"caption\":\"zuzanaglindova.com\"},\"image\":{\"@id\":\"https:\/\/zuzanaglindova.com\/#\/schema\/logo\/image\/\"}},{\"@type\":\"WebSite\",\"@id\":\"https:\/\/zuzanaglindova.com\/#website\",\"url\":\"https:\/\/zuzanaglindova.com\/\",\"name\":\"zuzanaglindova.com\",\"description\":\"ZG - Dizajn pre \u017eivot \/ Design for life\",\"publisher\":{\"@id\":\"https:\/\/zuzanaglindova.com\/#organization\"},\"potentialAction\":[{\"@type\":\"SearchAction\",\"target\":{\"@type\":\"EntryPoint\",\"urlTemplate\":\"https:\/\/zuzanaglindova.com\/?s={search_term_string}\"},\"query-input\":\"required name=search_term_string\"}],\"inLanguage\":\"sk-SK\"},{\"@type\":\"WebPage\",\"@id\":\"https:\/\/zuzanaglindova.com\/?page_id=131\",\"url\":\"https:\/\/zuzanaglindova.com\/?page_id=131\",\"name\":\"SLU\u017dBY - zuzanaglindova.com\",\"isPartOf\":{\"@id\":\"https:\/\/zuzanaglindova.com\/#website\"},\"datePublished\":\"2020-11-09T22:42:04+00:00\",\"dateModified\":\"2020-11-15T22:51:52+00:00\",\"breadcrumb\":{\"@id\":\"https:\/\/zuzanaglindova.com\/?page_id=131#breadcrumb\"},\"inLanguage\":\"sk-SK\",\"potentialAction\":[{\"@type\":\"ReadAction\",\"target\":[\"https:\/\/zuzanaglindova.com\/?page_id=131\"]}]},{\"@type\":\"BreadcrumbList\",\"@id\":\"https:\/\/zuzanaglindova.com\/?page_id=131#breadcrumb\",\"itemListElement\":[{\"@type\":\"ListItem\",\"position\":1,\"name\":\"Home\",\"item\":\"https:\/\/zuzanaglindova.com\/\"},{\"@type\":\"ListItem\",\"position\":2,\"name\":\"SLU\u017dBY\"}]},{\"@type\":\"HowTo\",\"@id\":\"https:\/\/zuzanaglindova.com\/?page_id=131#howto-1\",\"name\":\"SLU\u017dBY\",\"mainEntityOfPage\":{\"@id\":\"https:\/\/zuzanaglindova.com\/?page_id=131\"},\"description\":\"\",\"step\":[{\"@type\":\"HowToStep\",\"url\":\"https:\/\/zuzanaglindova.com\/?page_id=131#how-to-step-1604961448756\",\"name\":\"N\u00e1vrh interi\u00e9ru (byty, domy, kancel\u00e1rske priestory, predajne, nebytov\u00e9 priestory)\",\"itemListElement\":[{\"@type\":\"HowToDirection\",\"text\":\"Vypracovanie n\u00e1vrhu v programe + vypracovanie projektu\"}]},{\"@type\":\"HowToStep\",\"url\":\"https:\/\/zuzanaglindova.com\/?page_id=131#how-to-step-1604961512423\",\"name\":\"Vizualiz\u00e1cie - grafick\u00e9 n\u00e1vrhy interi\u00e9rov\",\"itemListElement\":[{\"@type\":\"HowToDirection\",\"text\":\"Realistick\u00e9 obr\u00e1zky n\u00e1vrhu\"}]},{\"@type\":\"HowToStep\",\"url\":\"https:\/\/zuzanaglindova.com\/?page_id=131#how-to-step-1604961528709\",\"name\":\"Realiz\u00e1cie\",\"itemListElement\":[{\"@type\":\"HowToDirection\",\"text\":\"Premena n\u00e1vrhu do reality - zabezpe\u010denie celkovej realiz\u00e1cie projektu vr\u00e1tane n\u00e1vrhu, vizualiz\u00e1cie, sprostredkovania profesijn\u00fdch pr\u00e1c a autorsk\u00e9ho doh\u013eadu.\"}]},{\"@type\":\"HowToStep\",\"url\":\"https:\/\/zuzanaglindova.com\/?page_id=131#how-to-step-1604961607562\",\"name\":\"Zmena dispoz\u00edcie \/ p\u00f4dorysu\",\"itemListElement\":[{\"@type\":\"HowToDirection\",\"text\":\"Niekedy je v r\u00e1mci rekon\u0161trukcie nutn\u00e1 zmena dispoz\u00edcie. Nemus\u00edte preto h\u013eada\u0165 slu\u017eby projektanta, t\u00fato slu\u017ebu V\u00e1m viem poskytn\u00fa\u0165 v rovnakej kvalite ako ktor\u00fdko\u013evek projektant.\"}]},{\"@type\":\"HowToStep\",\"url\":\"https:\/\/zuzanaglindova.com\/?page_id=131#how-to-step-1604961533786\",\"name\":\"Sprostredkovanie profesijn\u00fdch pr\u00e1c\",\"itemListElement\":[{\"@type\":\"HowToDirection\",\"text\":\"mur\u00e1ri, stol\u00e1ri, in\u0161talat\u00e9r, elektrik\u00e1r, podlah\u00e1r, tapet\u00e1r, maliar, ...\"}]},{\"@type\":\"HowToStep\",\"url\":\"https:\/\/zuzanaglindova.com\/?page_id=131#how-to-step-1604961547236\",\"name\":\"Konzult\u00e1cie\",\"itemListElement\":[{\"@type\":\"HowToDirection\",\"text\":\"s\u00fa vhodn\u00e9 v pr\u00edpade, ak nepotrebujete samotn\u00fd n\u00e1vrh interi\u00e9ru vypracovan\u00fd v programe, m\u00e1te dobr\u00fa predstavivos\u0165 a takpovediac potrebujete iba \\\"nakopn\u00fa\u0165\\\", pom\u00f4c\u0165 s rekon\u0161trukciou, farbami, technick\u00fdmi rie\u0161eniami, n\u00e1padmi... \"}]},{\"@type\":\"HowToStep\",\"url\":\"https:\/\/zuzanaglindova.com\/?page_id=131#how-to-step-1604961563060\",\"name\":\"Autorsk\u00fd doh\u013ead\",\"itemListElement\":[{\"@type\":\"HowToDirection\",\"text\":\"t\u00fato slu\u017ebu si z\u00e1kazn\u00edk objedn\u00e1va v pr\u00edpade, ak trv\u00e1 na tom, aby sa realiz\u00e1cia neodklonila od n\u00e1vrhu. Napr. pri kuchynskej linke je pre z\u00e1kazn\u00edka d\u00f4le\u017eit\u00e9, aby re\u00e1lne vyzerala tak, ako bola kuchynsk\u00e1 linka navrhnut\u00e1.\"}]},{\"@type\":\"HowToStep\",\"url\":\"https:\/\/zuzanaglindova.com\/?page_id=131#how-to-step-1604961570300\",\"text\":\"N\u00e1vrh vstavan\u00e9ho n\u00e1bytku a vypracovanie v\u00fdkresov pre v\u00fdrobcu\"},{\"@type\":\"HowToStep\",\"url\":\"https:\/\/zuzanaglindova.com\/?page_id=131#how-to-step-1605473127201\",\"name\":\"Poradenstvo\",\"itemListElement\":[{\"@type\":\"HowToDirection\",\"text\":\"- pri k\u00fape nehnute\u013enosti<br\/>- pri rekon\u0161trukcii<br\/>- ak si neviete da\u0165 rady s ak\u00fdmko\u013evek probl\u00e9mom t\u00fdkaj\u00faceho sa rekon\u0161trukcie, zaria\u010fovania, n\u00e1kupu tovaru.\"}]}],\"inLanguage\":\"sk-SK\"}]}<\/script>\n<!-- \/ Yoast SEO plugin. -->","yoast_head_json":{"title":"SLU\u017dBY - zuzanaglindova.com","robots":{"index":"index","follow":"follow","max-snippet":"max-snippet:-1","max-image-preview":"max-image-preview:large","max-video-preview":"max-video-preview:-1"},"canonical":"https:\/\/zuzanaglindova.com\/?page_id=131","og_locale":"sk_SK","og_type":"article","og_title":"SLU\u017dBY - zuzanaglindova.com","og_url":"https:\/\/zuzanaglindova.com\/?page_id=131","og_site_name":"zuzanaglindova.com","article_modified_time":"2020-11-15T22:51:52+00:00","twitter_card":"summary_large_image","twitter_misc":{"Predpokladan\u00fd \u010das \u010d\u00edtania":"1 min\u00fata"},"schema":{"@context":"https:\/\/schema.org","@graph":[{"@type":"Organization","@id":"https:\/\/zuzanaglindova.com\/#organization","name":"zuzanaglindova.com","url":"https:\/\/zuzanaglindova.com\/","sameAs":[],"logo":{"@type":"ImageObject","inLanguage":"sk-SK","@id":"https:\/\/zuzanaglindova.com\/#\/schema\/logo\/image\/","url":"https:\/\/zuzanaglindova.com\/wp-content\/uploads\/2020\/10\/cropped-LOGO-ZG-1.jpg","contentUrl":"https:\/\/zuzanaglindova.com\/wp-content\/uploads\/2020\/10\/cropped-LOGO-ZG-1.jpg","width":250,"height":250,"caption":"zuzanaglindova.com"},"image":{"@id":"https:\/\/zuzanaglindova.com\/#\/schema\/logo\/image\/"}},{"@type":"WebSite","@id":"https:\/\/zuzanaglindova.com\/#website","url":"https:\/\/zuzanaglindova.com\/","name":"zuzanaglindova.com","description":"ZG - Dizajn pre \u017eivot \/ Design for life","publisher":{"@id":"https:\/\/zuzanaglindova.com\/#organization"},"potentialAction":[{"@type":"SearchAction","target":{"@type":"EntryPoint","urlTemplate":"https:\/\/zuzanaglindova.com\/?s={search_term_string}"},"query-input":"required name=search_term_string"}],"inLanguage":"sk-SK"},{"@type":"WebPage","@id":"https:\/\/zuzanaglindova.com\/?page_id=131","url":"https:\/\/zuzanaglindova.com\/?page_id=131","name":"SLU\u017dBY - zuzanaglindova.com","isPartOf":{"@id":"https:\/\/zuzanaglindova.com\/#website"},"datePublished":"2020-11-09T22:42:04+00:00","dateModified":"2020-11-15T22:51:52+00:00","breadcrumb":{"@id":"https:\/\/zuzanaglindova.com\/?page_id=131#breadcrumb"},"inLanguage":"sk-SK","potentialAction":[{"@type":"ReadAction","target":["https:\/\/zuzanaglindova.com\/?page_id=131"]}]},{"@type":"BreadcrumbList","@id":"https:\/\/zuzanaglindova.com\/?page_id=131#breadcrumb","itemListElement":[{"@type":"ListItem","position":1,"name":"Home","item":"https:\/\/zuzanaglindova.com\/"},{"@type":"ListItem","position":2,"name":"SLU\u017dBY"}]},{"@type":"HowTo","@id":"https:\/\/zuzanaglindova.com\/?page_id=131#howto-1","name":"SLU\u017dBY","mainEntityOfPage":{"@id":"https:\/\/zuzanaglindova.com\/?page_id=131"},"description":"","step":[{"@type":"HowToStep","url":"https:\/\/zuzanaglindova.com\/?page_id=131#how-to-step-1604961448756","name":"N\u00e1vrh interi\u00e9ru (byty, domy, kancel\u00e1rske priestory, predajne, nebytov\u00e9 priestory)","itemListElement":[{"@type":"HowToDirection","text":"Vypracovanie n\u00e1vrhu v programe + vypracovanie projektu"}]},{"@type":"HowToStep","url":"https:\/\/zuzanaglindova.com\/?page_id=131#how-to-step-1604961512423","name":"Vizualiz\u00e1cie - grafick\u00e9 n\u00e1vrhy interi\u00e9rov","itemListElement":[{"@type":"HowToDirection","text":"Realistick\u00e9 obr\u00e1zky n\u00e1vrhu"}]},{"@type":"HowToStep","url":"https:\/\/zuzanaglindova.com\/?page_id=131#how-to-step-1604961528709","name":"Realiz\u00e1cie","itemListElement":[{"@type":"HowToDirection","text":"Premena n\u00e1vrhu do reality - zabezpe\u010denie celkovej realiz\u00e1cie projektu vr\u00e1tane n\u00e1vrhu, vizualiz\u00e1cie, sprostredkovania profesijn\u00fdch pr\u00e1c a autorsk\u00e9ho doh\u013eadu."}]},{"@type":"HowToStep","url":"https:\/\/zuzanaglindova.com\/?page_id=131#how-to-step-1604961607562","name":"Zmena dispoz\u00edcie \/ p\u00f4dorysu","itemListElement":[{"@type":"HowToDirection","text":"Niekedy je v r\u00e1mci rekon\u0161trukcie nutn\u00e1 zmena dispoz\u00edcie. Nemus\u00edte preto h\u013eada\u0165 slu\u017eby projektanta, t\u00fato slu\u017ebu V\u00e1m viem poskytn\u00fa\u0165 v rovnakej kvalite ako ktor\u00fdko\u013evek projektant."}]},{"@type":"HowToStep","url":"https:\/\/zuzanaglindova.com\/?page_id=131#how-to-step-1604961533786","name":"Sprostredkovanie profesijn\u00fdch pr\u00e1c","itemListElement":[{"@type":"HowToDirection","text":"mur\u00e1ri, stol\u00e1ri, in\u0161talat\u00e9r, elektrik\u00e1r, podlah\u00e1r, tapet\u00e1r, maliar, ..."}]},{"@type":"HowToStep","url":"https:\/\/zuzanaglindova.com\/?page_id=131#how-to-step-1604961547236","name":"Konzult\u00e1cie","itemListElement":[{"@type":"HowToDirection","text":"s\u00fa vhodn\u00e9 v pr\u00edpade, ak nepotrebujete samotn\u00fd n\u00e1vrh interi\u00e9ru vypracovan\u00fd v programe, m\u00e1te dobr\u00fa predstavivos\u0165 a takpovediac potrebujete iba \"nakopn\u00fa\u0165\", pom\u00f4c\u0165 s rekon\u0161trukciou, farbami, technick\u00fdmi rie\u0161eniami, n\u00e1padmi... "}]},{"@type":"HowToStep","url":"https:\/\/zuzanaglindova.com\/?page_id=131#how-to-step-1604961563060","name":"Autorsk\u00fd doh\u013ead","itemListElement":[{"@type":"HowToDirection","text":"t\u00fato slu\u017ebu si z\u00e1kazn\u00edk objedn\u00e1va v pr\u00edpade, ak trv\u00e1 na tom, aby sa realiz\u00e1cia neodklonila od n\u00e1vrhu. Napr. pri kuchynskej linke je pre z\u00e1kazn\u00edka d\u00f4le\u017eit\u00e9, aby re\u00e1lne vyzerala tak, ako bola kuchynsk\u00e1 linka navrhnut\u00e1."}]},{"@type":"HowToStep","url":"https:\/\/zuzanaglindova.com\/?page_id=131#how-to-step-1604961570300","text":"N\u00e1vrh vstavan\u00e9ho n\u00e1bytku a vypracovanie v\u00fdkresov pre v\u00fdrobcu"},{"@type":"HowToStep","url":"https:\/\/zuzanaglindova.com\/?page_id=131#how-to-step-1605473127201","name":"Poradenstvo","itemListElement":[{"@type":"HowToDirection","text":"- pri k\u00fape nehnute\u013enosti<br\/>- pri rekon\u0161trukcii<br\/>- ak si neviete da\u0165 rady s ak\u00fdmko\u013evek probl\u00e9mom t\u00fdkaj\u00faceho sa rekon\u0161trukcie, zaria\u010fovania, n\u00e1kupu tovaru."}]}],"inLanguage":"sk-SK"}]}},"_links":{"self":[{"href":"https:\/\/zuzanaglindova.com\/index.php?rest_route=\/wp\/v2\/pages\/131"}],"collection":[{"href":"https:\/\/zuzanaglindova.com\/index.php?rest_route=\/wp\/v2\/pages"}],"about":[{"href":"https:\/\/zuzanaglindova.com\/index.php?rest_route=\/wp\/v2\/types\/page"}],"author":[{"embeddable":true,"href":"https:\/\/zuzanaglindova.com\/index.php?rest_route=\/wp\/v2\/users\/1"}],"replies":[{"embeddable":true,"href":"https:\/\/zuzanaglindova.com\/index.php?rest_route=%2Fwp%2Fv2%2Fcomments&post=131"}],"version-history":[{"count":5,"href":"https:\/\/zuzanaglindova.com\/index.php?rest_route=\/wp\/v2\/pages\/131\/revisions"}],"predecessor-version":[{"id":297,"href":"https:\/\/zuzanaglindova.com\/index.php?rest_route=\/wp\/v2\/pages\/131\/revisions\/297"}],"wp:attachment":[{"href":"https:\/\/zuzanaglindova.com\/index.php?rest_route=%2Fwp%2Fv2%2Fmedia&parent=131"}],"curies":[{"name":"wp","href":"https:\/\/api.w.org\/{rel}","templated":true}]}}